{"id":22,"date":"2022-05-28T13:35:32","date_gmt":"2022-05-28T11:35:32","guid":{"rendered":"http:\/\/sklep.nafali.eu\/index.php\/produkt\/hoodie-with-logo\/"},"modified":"2022-06-01T07:52:29","modified_gmt":"2022-06-01T05:52:29","slug":"sup-windsurf-9-6","status":"publish","type":"product","link":"https:\/\/sklep.nafali.eu\/index.php\/produkt\/sup-windsurf-9-6\/","title":{"rendered":"Deska sup Windsurf 9\u20196\u2033"},"content":{"rendered":"<p>[et_pb_section fb_built=&#8221;1&#8243; _builder_version=&#8221;4.16&#8243; custom_padding=&#8221;0px||||false|false&#8221; global_colors_info=&#8221;{}&#8221;][et_pb_row _builder_version=&#8221;4.16&#8243; background_size=&#8221;initial&#8221; background_position=&#8221;top_left&#8221; background_repeat=&#8221;repeat&#8221; width=&#8221;100%&#8221; custom_padding=&#8221;0px||0px||false|false&#8221; global_colors_info=&#8221;{}&#8221;][et_pb_column type=&#8221;4_4&#8243; _builder_version=&#8221;4.16&#8243; custom_padding=&#8221;|||&#8221; global_colors_info=&#8221;{}&#8221; custom_padding__hover=&#8221;|||&#8221;][et_pb_wc_breadcrumb _builder_version=&#8221;4.16&#8243; global_colors_info=&#8221;{}&#8221;][\/et_pb_wc_breadcrumb][et_pb_wc_cart_notice _builder_version=&#8221;4.16&#8243; global_colors_info=&#8221;{}&#8221;][\/et_pb_wc_cart_notice][\/et_pb_column][\/et_pb_row][et_pb_row column_structure=&#8221;1_2,1_2&#8243; _builder_version=&#8221;4.16&#8243; background_size=&#8221;initial&#8221; background_position=&#8221;top_left&#8221; background_repeat=&#8221;repeat&#8221; width=&#8221;100%&#8221; custom_padding=&#8221;0px||||false|false&#8221; global_colors_info=&#8221;{}&#8221;][et_pb_column type=&#8221;1_2&#8243; _builder_version=&#8221;4.16&#8243; custom_padding=&#8221;|||&#8221; global_colors_info=&#8221;{}&#8221; custom_padding__hover=&#8221;|||&#8221;][et_pb_wc_images _builder_version=&#8221;4.17.3&#8243; global_colors_info=&#8221;{}&#8221;][\/et_pb_wc_images][\/et_pb_column][et_pb_column type=&#8221;1_2&#8243; _builder_version=&#8221;4.16&#8243; custom_padding=&#8221;|||&#8221; global_colors_info=&#8221;{}&#8221; custom_padding__hover=&#8221;|||&#8221;][et_pb_wc_title _builder_version=&#8221;4.16&#8243; global_colors_info=&#8221;{}&#8221;][\/et_pb_wc_title][et_pb_wc_rating show_rating=&#8221;off&#8221; show_reviews_link=&#8221;off&#8221; _builder_version=&#8221;4.17.4&#8243; global_colors_info=&#8221;{}&#8221;][\/et_pb_wc_rating][et_pb_wc_price _builder_version=&#8221;4.17.4&#8243; global_colors_info=&#8221;{}&#8221;][\/et_pb_wc_price][et_pb_wc_description _builder_version=&#8221;4.17.4&#8243; global_colors_info=&#8221;{}&#8221;][\/et_pb_wc_description][et_pb_wc_add_to_cart _builder_version=&#8221;4.16&#8243; global_colors_info=&#8221;{}&#8221;][\/et_pb_wc_add_to_cart][et_pb_wc_meta _builder_version=&#8221;4.16&#8243; global_colors_info=&#8221;{}&#8221;][\/et_pb_wc_meta][\/et_pb_column][\/et_pb_row][et_pb_row _builder_version=&#8221;4.16&#8243; background_size=&#8221;initial&#8221; background_position=&#8221;top_left&#8221; background_repeat=&#8221;repeat&#8221; width=&#8221;100%&#8221; global_colors_info=&#8221;{}&#8221;][et_pb_column type=&#8221;4_4&#8243; _builder_version=&#8221;4.16&#8243; custom_padding=&#8221;|||&#8221; global_colors_info=&#8221;{}&#8221; custom_padding__hover=&#8221;|||&#8221;][et_pb_wc_tabs include_tabs=&#8221;description||&#8221; _builder_version=&#8221;4.17.4&#8243; global_colors_info=&#8221;{}&#8221;]\t\t\t\t\t[\/et_pb_wc_tabs][et_pb_wc_upsells _builder_version=&#8221;4.16&#8243; global_colors_info=&#8221;{}&#8221;][\/et_pb_wc_upsells][et_pb_wc_related_products _builder_version=&#8221;4.16&#8243; global_colors_info=&#8221;{}&#8221;][\/et_pb_wc_related_products][\/et_pb_column][\/et_pb_row][\/et_pb_section]<\/p>\n","protected":false},"excerpt":{"rendered":"<p>Deska stworzona dla fanatyk\u00f3w windsurfingu, jednostka z centralnym mieczem, bardzo zwrotna i mobilna \u2013 mo\u017cliwo\u015b\u0107 p\u0142ywania na ka\u017cdym akwenie, istnieje mo\u017cliwo\u015b\u0107 zamontowania \u017cagla do windsurfingu ze wzgl\u0119du na wbudowane gniazdo na windsurfing. Model doceniony przez kilkudziesi\u0119ciu klient\u00f3w, w tym renomowane szk\u00f3\u0142ki na p\u00f3\u0142wyspie Helskim.<\/p>\n","protected":false},"featured_media":31,"comment_status":"open","ping_status":"closed","template":"","meta":{"_et_pb_use_builder":"on","_et_pb_old_content":"<div class=\"elementor-element elementor-element-70988da elementor-widget elementor-widget-text-editor\" data-id=\"70988da\" data-element_type=\"widget\" data-widget_type=\"text-editor.default\">\r\n<div class=\"elementor-widget-container\">\r\n<div class=\"elementor-text-editor elementor-clearfix\">\r\n\r\nParametry deski sup Uone windsurf:\r\n\r\n<\/div>\r\n<\/div>\r\n<\/div>\r\n<div class=\"elementor-element elementor-element-d194dad elementor-icon-list--layout-traditional elementor-list-item-link-full_width elementor-widget elementor-widget-icon-list\" data-id=\"d194dad\" data-element_type=\"widget\" data-widget_type=\"icon-list.default\">\r\n<div class=\"elementor-widget-container\">\r\n<ul class=\"elementor-icon-list-items\">\r\n \t<li class=\"elementor-icon-list-item\"><span class=\"elementor-icon-list-text\">Waga: 10.4 kg<\/span><\/li>\r\n \t<li class=\"elementor-icon-list-item\"><span class=\"elementor-icon-list-text\">Rekomendowane \/ maksymalne obci\u0105\u017cenie: 150 kg \/ 300 kg<\/span><\/li>\r\n \t<li class=\"elementor-icon-list-item\"><span class=\"elementor-icon-list-text\">Pojemno\u015b\u0107: 293 litr\u00f3w<\/span><\/li>\r\n \t<li class=\"elementor-icon-list-item\"><span class=\"elementor-icon-list-text\">Wymiary po napompowaniu: 293x83x15 cm<\/span><\/li>\r\n \t<li class=\"elementor-icon-list-item\"><span class=\"elementor-icon-list-text\">Rekomendowane\/ maksymalne ci\u015bnienie: 15psi\/25psi<\/span><\/li>\r\n \t<li class=\"elementor-icon-list-item\"><span class=\"elementor-icon-list-text\">Double layer: Tak (Dwie wartswy materia\u0142u PVC)<\/span><\/li>\r\n \t<li class=\"elementor-icon-list-item\"><span class=\"elementor-icon-list-text\">Technologia: ULT (Uone Light Technology) - zgrzewana<\/span><\/li>\r\n \t<li class=\"elementor-icon-list-item\"><span class=\"elementor-icon-list-text\">Grubo\u015b\u0107 pow\u0142oki PVC na burcie: 0.7mm + 0.7mm (1000D PVC)<\/span><\/li>\r\n \t<li class=\"elementor-icon-list-item\"><span class=\"elementor-icon-list-text\">Grubo\u015b\u0107 pow\u0142oki na g\u00f3rze i dole deski: 1.2mm + 0.7mm (1000D PVC)<\/span><\/li>\r\n \t<li class=\"elementor-icon-list-item\"><span class=\"elementor-icon-list-text\">G\u0119sto\u015b\u0107 w\u0142\u00f3kien Drop-stitch: 28800 w\u0142\u00f3kien\/m2<\/span><\/li>\r\n \t<li class=\"elementor-icon-list-item\"><span class=\"elementor-icon-list-text\">Typ deski: Windsup<\/span><\/li>\r\n \t<li class=\"elementor-icon-list-item\"><span class=\"elementor-icon-list-text\">Gwarancja: 5 lat<\/span><\/li>\r\n<\/ul>\r\n<\/div>\r\n<\/div>","_et_gb_content_width":""},"product_cat":[20],"product_tag":[],"class_list":["post-22","product","type-product","status-publish","has-post-thumbnail","hentry","product_cat-sup"],"_links":{"self":[{"href":"https:\/\/sklep.nafali.eu\/index.php\/wp-json\/wp\/v2\/product\/22","targetHints":{"allow":["GET"]}}],"collection":[{"href":"https:\/\/sklep.nafali.eu\/index.php\/wp-json\/wp\/v2\/product"}],"about":[{"href":"https:\/\/sklep.nafali.eu\/index.php\/wp-json\/wp\/v2\/types\/product"}],"replies":[{"embeddable":true,"href":"https:\/\/sklep.nafali.eu\/index.php\/wp-json\/wp\/v2\/comments?post=22"}],"wp:featuredmedia":[{"embeddable":true,"href":"https:\/\/sklep.nafali.eu\/index.php\/wp-json\/wp\/v2\/media\/31"}],"wp:attachment":[{"href":"https:\/\/sklep.nafali.eu\/index.php\/wp-json\/wp\/v2\/media?parent=22"}],"wp:term":[{"taxonomy":"product_cat","embeddable":true,"href":"https:\/\/sklep.nafali.eu\/index.php\/wp-json\/wp\/v2\/product_cat?post=22"},{"taxonomy":"product_tag","embeddable":true,"href":"https:\/\/sklep.nafali.eu\/index.php\/wp-json\/wp\/v2\/product_tag?post=22"}],"curies":[{"name":"wp","href":"https:\/\/api.w.org\/{rel}","templated":true}]}}