{"id":65,"date":"2022-05-28T19:09:18","date_gmt":"2022-05-28T17:09:18","guid":{"rendered":"http:\/\/sklep.nafali.eu\/?post_type=product&#038;p=65"},"modified":"2022-05-28T19:14:36","modified_gmt":"2022-05-28T17:14:36","slug":"sup_traveler_11_6","status":"publish","type":"product","link":"https:\/\/sklep.nafali.eu\/index.php\/produkt\/sup_traveler_11_6\/","title":{"rendered":"Deska sup Traveler 11\u20196\u2033 ECO"},"content":{"rendered":"<p>[et_pb_section fb_built=&#8221;1&#8243; _builder_version=&#8221;4.16&#8243; custom_padding=&#8221;0px||||false|false&#8221; global_colors_info=&#8221;{}&#8221;][et_pb_row _builder_version=&#8221;4.16&#8243; background_size=&#8221;initial&#8221; background_position=&#8221;top_left&#8221; background_repeat=&#8221;repeat&#8221; width=&#8221;100%&#8221; custom_padding=&#8221;0px||0px||false|false&#8221; global_colors_info=&#8221;{}&#8221;][et_pb_column type=&#8221;4_4&#8243; _builder_version=&#8221;4.16&#8243; custom_padding=&#8221;|||&#8221; global_colors_info=&#8221;{}&#8221; custom_padding__hover=&#8221;|||&#8221;][et_pb_wc_breadcrumb _builder_version=&#8221;4.16&#8243; global_colors_info=&#8221;{}&#8221;][\/et_pb_wc_breadcrumb][et_pb_wc_cart_notice _builder_version=&#8221;4.16&#8243; global_colors_info=&#8221;{}&#8221;][\/et_pb_wc_cart_notice][\/et_pb_column][\/et_pb_row][et_pb_row column_structure=&#8221;1_2,1_2&#8243; _builder_version=&#8221;4.16&#8243; background_size=&#8221;initial&#8221; background_position=&#8221;top_left&#8221; background_repeat=&#8221;repeat&#8221; width=&#8221;100%&#8221; custom_padding=&#8221;0px||||false|false&#8221; global_colors_info=&#8221;{}&#8221;][et_pb_column type=&#8221;1_2&#8243; _builder_version=&#8221;4.16&#8243; custom_padding=&#8221;|||&#8221; global_colors_info=&#8221;{}&#8221; custom_padding__hover=&#8221;|||&#8221;][et_pb_wc_images _builder_version=&#8221;4.16&#8243; global_colors_info=&#8221;{}&#8221;][\/et_pb_wc_images][\/et_pb_column][et_pb_column type=&#8221;1_2&#8243; _builder_version=&#8221;4.16&#8243; custom_padding=&#8221;|||&#8221; global_colors_info=&#8221;{}&#8221; custom_padding__hover=&#8221;|||&#8221;][et_pb_wc_title _builder_version=&#8221;4.16&#8243; global_colors_info=&#8221;{}&#8221;][\/et_pb_wc_title][et_pb_wc_price _builder_version=&#8221;4.16&#8243; global_colors_info=&#8221;{}&#8221;][\/et_pb_wc_price][et_pb_wc_description _builder_version=&#8221;4.16&#8243; global_colors_info=&#8221;{}&#8221;][\/et_pb_wc_description][et_pb_wc_add_to_cart _builder_version=&#8221;4.16&#8243; global_colors_info=&#8221;{}&#8221;][\/et_pb_wc_add_to_cart][et_pb_wc_meta _builder_version=&#8221;4.16&#8243; global_colors_info=&#8221;{}&#8221;][\/et_pb_wc_meta][\/et_pb_column][\/et_pb_row][et_pb_row _builder_version=&#8221;4.16&#8243; background_size=&#8221;initial&#8221; background_position=&#8221;top_left&#8221; background_repeat=&#8221;repeat&#8221; width=&#8221;100%&#8221; global_colors_info=&#8221;{}&#8221;][et_pb_column type=&#8221;4_4&#8243; _builder_version=&#8221;4.16&#8243; custom_padding=&#8221;|||&#8221; global_colors_info=&#8221;{}&#8221; custom_padding__hover=&#8221;|||&#8221;][et_pb_wc_tabs include_tabs=&#8221;description|&#8221; _builder_version=&#8221;4.17.4&#8243; global_colors_info=&#8221;{}&#8221;]\t\t\t\t\t[\/et_pb_wc_tabs][et_pb_wc_upsells _builder_version=&#8221;4.16&#8243; global_colors_info=&#8221;{}&#8221;][\/et_pb_wc_upsells][et_pb_wc_related_products _builder_version=&#8221;4.16&#8243; global_colors_info=&#8221;{}&#8221;][\/et_pb_wc_related_products][\/et_pb_column][\/et_pb_row][\/et_pb_section]<\/p>\n","protected":false},"excerpt":{"rendered":"<p>Deska SUP Uone Traveler to mniejszy touring w rodzinie naszej marki. Deska stworzona dla os\u00f3b poszukuj\u0105cych swojej pierwszej nieco szybszej aczkolwiek nadal stabilnej jednostki lub zastanawiaj\u0105cych si\u0119 nad zakupem drugiej r\u00f3wnie stabilnej co allround jednak szybszej deski sup. Ze wzgl\u0119du na swoje dodatkowe 30cm deska zdecydowanie szybsza od modelu Versatile przy zachowaniu zbli\u017conego poziomu stabilno\u015bci. Deska polecana zar\u00f3wno dla os\u00f3b indywidualnych jak i wypo\u017cyczalni sprz\u0119tu wodnego.<br \/>\nWersja deski ECO ze wzgl\u0119du na opakowanie w pe\u0142ni tekturowe bez u\u017cycia jakiegokolwiek plastiku, trudnego do degradacji i zanieczyszczaj\u0105cego nasze \u015brodowisko! Wysoka gwarancja desek sup marki Uone wp\u0142ywa na ma\u0142e ryzyko zbyt szybkiego wyrzucenia deski sup trudnej w utylizacji na \u015bmietnik! Kupuj \u015bwiadomie i wybieraj produkty odpowiedniej jako\u015bci!<\/p>\n","protected":false},"featured_media":62,"comment_status":"open","ping_status":"closed","template":"","meta":{"_et_pb_use_builder":"on","_et_pb_old_content":"<div class=\"elementor-element elementor-element-70988da elementor-widget elementor-widget-text-editor\" data-id=\"70988da\" data-element_type=\"widget\" data-widget_type=\"text-editor.default\">\r\n<div class=\"elementor-widget-container\">\r\n<div class=\"elementor-text-editor elementor-clearfix\">\r\n\r\nParametry deska sup Uone traveler:\r\n\r\n<\/div>\r\n<\/div>\r\n<\/div>\r\n<div class=\"elementor-element elementor-element-d194dad elementor-icon-list--layout-traditional elementor-list-item-link-full_width elementor-widget elementor-widget-icon-list\" data-id=\"d194dad\" data-element_type=\"widget\" data-widget_type=\"icon-list.default\">\r\n<div class=\"elementor-widget-container\">\r\n<ul class=\"elementor-icon-list-items\">\r\n \t<li class=\"elementor-icon-list-item\"><span class=\"elementor-icon-list-text\">Waga: 10.5 kg<\/span><\/li>\r\n \t<li class=\"elementor-icon-list-item\"><span class=\"elementor-icon-list-text\">Rekomendowane \/ maksymalne obci\u0105\u017cenie: 180 kg \/ 320 kg<\/span><\/li>\r\n \t<li class=\"elementor-icon-list-item\"><span class=\"elementor-icon-list-text\">Pojemno\u015b\u0107: 320 litr\u00f3w<\/span><\/li>\r\n \t<li class=\"elementor-icon-list-item\"><span class=\"elementor-icon-list-text\">Wymiary po napompowaniu: 350x81.5x15 cm<\/span><\/li>\r\n \t<li class=\"elementor-icon-list-item\"><span class=\"elementor-icon-list-text\">Rekomendowane\/ maksymalne ci\u015bnienie: 15psi\/25psi<\/span><\/li>\r\n \t<li class=\"elementor-icon-list-item\"><span class=\"elementor-icon-list-text\">Double layer: Tak (Dwie wartswy materia\u0142u PVC)\r\n<\/span><\/li>\r\n \t<li class=\"elementor-icon-list-item\"><span class=\"elementor-icon-list-text\">Technologia: ULT (Uone Light Technology) - zgrzewana<\/span><\/li>\r\n \t<li class=\"elementor-icon-list-item\"><span class=\"elementor-icon-list-text\">Grubo\u015b\u0107 pow\u0142oki PVC na burcie: 0.7mm + 0.7mm (1000D PVC)<\/span><\/li>\r\n \t<li class=\"elementor-icon-list-item\"><span class=\"elementor-icon-list-text\">Grubo\u015b\u0107 pow\u0142oki na g\u00f3rze i dole deski: 1.2mm + 0.7mm (1000D PVC)<\/span><\/li>\r\n \t<li class=\"elementor-icon-list-item\"><span class=\"elementor-icon-list-text\">G\u0119sto\u015b\u0107 w\u0142\u00f3kien Drop-stitch: 28800 w\u0142\u00f3kien\/m2<\/span><\/li>\r\n \t<li class=\"elementor-icon-list-item\"><span class=\"elementor-icon-list-text\">Typ deski: Touring<\/span><\/li>\r\n \t<li class=\"elementor-icon-list-item\"><span class=\"elementor-icon-list-text\">Gwarancja: 5 lat<\/span><\/li>\r\n<\/ul>\r\n<\/div>\r\n<\/div>","_et_gb_content_width":""},"product_cat":[20],"product_tag":[],"class_list":["post-65","product","type-product","status-publish","has-post-thumbnail","hentry","product_cat-sup"],"_links":{"self":[{"href":"https:\/\/sklep.nafali.eu\/index.php\/wp-json\/wp\/v2\/product\/65","targetHints":{"allow":["GET"]}}],"collection":[{"href":"https:\/\/sklep.nafali.eu\/index.php\/wp-json\/wp\/v2\/product"}],"about":[{"href":"https:\/\/sklep.nafali.eu\/index.php\/wp-json\/wp\/v2\/types\/product"}],"replies":[{"embeddable":true,"href":"https:\/\/sklep.nafali.eu\/index.php\/wp-json\/wp\/v2\/comments?post=65"}],"wp:featuredmedia":[{"embeddable":true,"href":"https:\/\/sklep.nafali.eu\/index.php\/wp-json\/wp\/v2\/media\/62"}],"wp:attachment":[{"href":"https:\/\/sklep.nafali.eu\/index.php\/wp-json\/wp\/v2\/media?parent=65"}],"wp:term":[{"taxonomy":"product_cat","embeddable":true,"href":"https:\/\/sklep.nafali.eu\/index.php\/wp-json\/wp\/v2\/product_cat?post=65"},{"taxonomy":"product_tag","embeddable":true,"href":"https:\/\/sklep.nafali.eu\/index.php\/wp-json\/wp\/v2\/product_tag?post=65"}],"curies":[{"name":"wp","href":"https:\/\/api.w.org\/{rel}","templated":true}]}}